{"id":537,"date":"2022-10-09T22:26:27","date_gmt":"2022-10-09T22:26:27","guid":{"rendered":"https:\/\/dev.palazzotarlati.it\/?page_id=537"},"modified":"2022-10-23T11:04:29","modified_gmt":"2022-10-23T11:04:29","slug":"sale-giardino","status":"publish","type":"page","link":"https:\/\/palazzotarlati.it\/?page_id=537","title":{"rendered":"Le Sale e il Giardino"},"content":{"rendered":"\n<h2 class=\"wp-block-heading\"><strong>La Sala dei Confortini, la Sala Aurora e l\u2019Antico Giardino<\/strong><\/h2>\n\n\n\n<p>All\u2019interno della Nostra Residenza al piano terra si trovano due sale adiacenti al nostro Antico Giardino, tutte dedicate ai nostri Ospiti.<\/p>\n\n\n\n<div class=\"wp-block-media-text alignwide is-stacked-on-mobile\"><figure class=\"wp-block-media-text__media\"><img loading=\"lazy\" decoding=\"async\" width=\"1024\" height=\"683\" src=\"https:\/\/dev.palazzotarlati.it\/wp-content\/uploads\/2022\/10\/021-min-1024x683.jpg\" alt=\"\" class=\"wp-image-539 size-full\" srcset=\"https:\/\/palazzotarlati.it\/wp-content\/uploads\/2022\/10\/021-min-1024x683.jpg 1024w, https:\/\/palazzotarlati.it\/wp-content\/uploads\/2022\/10\/021-min-300x200.jpg 300w, https:\/\/palazzotarlati.it\/wp-content\/uploads\/2022\/10\/021-min-768x512.jpg 768w, https:\/\/palazzotarlati.it\/wp-content\/uploads\/2022\/10\/021-min-1536x1024.jpg 1536w, https:\/\/palazzotarlati.it\/wp-content\/uploads\/2022\/10\/021-min-2048x1365.jpg 2048w\" sizes=\"auto, (max-width: 1024px) 100vw, 1024px\" \/><\/figure><div class=\"wp-block-media-text__content\">\n<p>La <strong><em>Sala dei Confortini <\/em><\/strong>\u00e8 la storica cucina del Palazzo, dove si trovava ed ancora \u00e8 cos\u00ec conforto nel buon cibo e nel buon vino a qualunque ora del giorno. Una coccola dopo una passeggiata, dopo una escursione, dopo un pomeriggio di relax o dopo una buona cena. Qui si raccolgono le forze, si condividono le emozioni vissute, e si progettano le nuove scoperte dell\u2019indomani con buoni consigli ed indicazioni preziose sui luoghi da visitare in base ai propri interessi e le possibilit\u00e0 di scoperte enogastronomiche per impreziosire le esperienze.<\/p>\n<\/div><\/div>\n\n\n\n<div style=\"height:20px\" aria-hidden=\"true\" class=\"wp-block-spacer\"><\/div>\n\n\n\n<div class=\"wp-block-media-text alignwide has-media-on-the-right is-stacked-on-mobile\"><figure class=\"wp-block-media-text__media\"><img loading=\"lazy\" decoding=\"async\" width=\"1024\" height=\"681\" src=\"https:\/\/dev.palazzotarlati.it\/wp-content\/uploads\/2022\/10\/023-min-1024x681.jpg\" alt=\"\" class=\"wp-image-541 size-full\" srcset=\"https:\/\/palazzotarlati.it\/wp-content\/uploads\/2022\/10\/023-min-1024x681.jpg 1024w, https:\/\/palazzotarlati.it\/wp-content\/uploads\/2022\/10\/023-min-300x200.jpg 300w, https:\/\/palazzotarlati.it\/wp-content\/uploads\/2022\/10\/023-min-768x511.jpg 768w, https:\/\/palazzotarlati.it\/wp-content\/uploads\/2022\/10\/023-min-1536x1022.jpg 1536w, https:\/\/palazzotarlati.it\/wp-content\/uploads\/2022\/10\/023-min-2048x1363.jpg 2048w\" sizes=\"auto, (max-width: 1024px) 100vw, 1024px\" \/><\/figure><div class=\"wp-block-media-text__content\">\n<p>La <strong><em>Sala Aurora<\/em><\/strong> \u00e8 una sala per la convivialit\u00e0 di una cena esclusiva solo per voi ed i vostri amici, o per una meravigliosa cena romantica per una coppia soltanto. Le cene sono prenotate con adeguato anticipo di tempo perch\u00e9 vengono serviti soli prodotti freschissimi di eccellenza e stagione, cucinati espressamente secondo tradizione. Si pu\u00f2 conversare comodamente seduti sui divani, degustare un buon vino o un buon distillato.<\/p>\n<\/div><\/div>\n\n\n\n<div style=\"height:20px\" aria-hidden=\"true\" class=\"wp-block-spacer\"><\/div>\n\n\n\n<div class=\"wp-block-media-text alignwide is-stacked-on-mobile\"><figure class=\"wp-block-media-text__media\"><img loading=\"lazy\" decoding=\"async\" width=\"1024\" height=\"681\" src=\"https:\/\/dev.palazzotarlati.it\/wp-content\/uploads\/2022\/10\/024-min-1024x681.jpg\" alt=\"\" class=\"wp-image-540 size-full\" srcset=\"https:\/\/palazzotarlati.it\/wp-content\/uploads\/2022\/10\/024-min-1024x681.jpg 1024w, https:\/\/palazzotarlati.it\/wp-content\/uploads\/2022\/10\/024-min-300x200.jpg 300w, https:\/\/palazzotarlati.it\/wp-content\/uploads\/2022\/10\/024-min-768x511.jpg 768w, https:\/\/palazzotarlati.it\/wp-content\/uploads\/2022\/10\/024-min-1536x1022.jpg 1536w, https:\/\/palazzotarlati.it\/wp-content\/uploads\/2022\/10\/024-min-2048x1363.jpg 2048w\" sizes=\"auto, (max-width: 1024px) 100vw, 1024px\" \/><\/figure><div class=\"wp-block-media-text__content\">\n<p>Adiacente alla sala si trova l\u2019<strong><em>Antico Giardino<\/em><\/strong>, con alberi secolari, che dona una piacevole freschezza al soggiorno. Il giardino \u00e8 ad Hortus Conclusus , circondato da mura , sempre carezzato dalle brezze ascensionali della Val d\u2019Ambra; uno spazio discreto ed esclusivo dove conversare , leggere un buon libro , consumare una bevanda od assaporare un buon sigaro.<\/p>\n<\/div><\/div>\n\n\n<div class=\"wp-block-image\">\n<figure class=\"aligncenter size-full\"><a href=\"https:\/\/dev.palazzotarlati.it\/wp-content\/uploads\/2022\/10\/Il-Giardino-Antico.jpg\"><img loading=\"lazy\" decoding=\"async\" width=\"640\" height=\"480\" src=\"https:\/\/dev.palazzotarlati.it\/wp-content\/uploads\/2022\/10\/Il-Giardino-Antico.jpg\" alt=\"\" class=\"wp-image-538\" srcset=\"https:\/\/palazzotarlati.it\/wp-content\/uploads\/2022\/10\/Il-Giardino-Antico.jpg 640w, https:\/\/palazzotarlati.it\/wp-content\/uploads\/2022\/10\/Il-Giardino-Antico-300x225.jpg 300w\" sizes=\"auto, (max-width: 640px) 100vw, 640px\" \/><\/a><\/figure><\/div>\n\n\n<hr class=\"wp-block-separator has-alpha-channel-opacity\"\/>\n","protected":false},"excerpt":{"rendered":"<p>La Sala dei Confortini, la Sala Aurora e l\u2019Antico Giardino All\u2019interno della Nostra Residenza al piano terra si trovano due sale adiacenti al nostro Antico Giardino, tutte dedicate ai nostri Ospiti. La Sala dei Confortini \u00e8 la storica cucina del Palazzo, dove si trovava ed ancora \u00e8 cos\u00ec conforto nel buon cibo e nel buon<span class=\"dots\"> &hellip; <\/span><span class=\"link-more\"><a href=\"https:\/\/palazzotarlati.it\/?page_id=537\" class=\"more-link\">Read more <span class=\"screen-reader-text\">&#8220;Le Sale e il Giardino&#8221;<\/span><\/a><\/span><\/p>\n","protected":false},"author":4,"featured_media":0,"parent":379,"menu_order":4,"comment_status":"closed","ping_status":"closed","template":"","meta":{"ngg_post_thumbnail":0,"footnotes":""},"class_list":["post-537","page","type-page","status-publish","hentry"],"yoast_head":"<!-- This site is optimized with the Yoast SEO plugin v24.0 - https:\/\/yoast.com\/wordpress\/plugins\/seo\/ -->\n<title>Le Sale e il Giardino - Palazzo Tarlati<\/title>\n<meta name=\"robots\" content=\"index, follow, max-snippet:-1, max-image-preview:large, max-video-preview:-1\" \/>\n<link rel=\"canonical\" href=\"https:\/\/palazzotarlati.it\/?page_id=537\" \/>\n<meta property=\"og:locale\" content=\"it_IT\" \/>\n<meta property=\"og:type\" content=\"article\" \/>\n<meta property=\"og:title\" content=\"Le Sale e il Giardino - Palazzo Tarlati\" \/>\n<meta property=\"og:description\" content=\"La Sala dei Confortini, la Sala Aurora e l\u2019Antico Giardino All\u2019interno della Nostra Residenza al piano terra si trovano due sale adiacenti al nostro Antico Giardino, tutte dedicate ai nostri Ospiti. La Sala dei Confortini \u00e8 la storica cucina del Palazzo, dove si trovava ed ancora \u00e8 cos\u00ec conforto nel buon cibo e nel buon &hellip; Read more &quot;Le Sale e il Giardino&quot;\" \/>\n<meta property=\"og:url\" content=\"https:\/\/palazzotarlati.it\/?page_id=537\" \/>\n<meta property=\"og:site_name\" content=\"Palazzo Tarlati\" \/>\n<meta property=\"article:modified_time\" content=\"2022-10-23T11:04:29+00:00\" \/>\n<meta property=\"og:image\" content=\"https:\/\/dev.palazzotarlati.it\/wp-content\/uploads\/2022\/10\/021-min-1024x683.jpg\" \/>\n<meta name=\"twitter:label1\" content=\"Tempo di lettura stimato\" \/>\n\t<meta name=\"twitter:data1\" content=\"2 minuti\" \/>\n<script type=\"application\/ld+json\" class=\"yoast-schema-graph\">{\"@context\":\"https:\/\/schema.org\",\"@graph\":[{\"@type\":\"WebPage\",\"@id\":\"https:\/\/palazzotarlati.it\/?page_id=537\",\"url\":\"https:\/\/palazzotarlati.it\/?page_id=537\",\"name\":\"Le Sale e il Giardino - Palazzo Tarlati\",\"isPartOf\":{\"@id\":\"https:\/\/palazzotarlati.it\/#website\"},\"primaryImageOfPage\":{\"@id\":\"https:\/\/palazzotarlati.it\/?page_id=537#primaryimage\"},\"image\":{\"@id\":\"https:\/\/palazzotarlati.it\/?page_id=537#primaryimage\"},\"thumbnailUrl\":\"https:\/\/dev.palazzotarlati.it\/wp-content\/uploads\/2022\/10\/021-min-1024x683.jpg\",\"datePublished\":\"2022-10-09T22:26:27+00:00\",\"dateModified\":\"2022-10-23T11:04:29+00:00\",\"breadcrumb\":{\"@id\":\"https:\/\/palazzotarlati.it\/?page_id=537#breadcrumb\"},\"inLanguage\":\"it-IT\",\"potentialAction\":[{\"@type\":\"ReadAction\",\"target\":[\"https:\/\/palazzotarlati.it\/?page_id=537\"]}]},{\"@type\":\"ImageObject\",\"inLanguage\":\"it-IT\",\"@id\":\"https:\/\/palazzotarlati.it\/?page_id=537#primaryimage\",\"url\":\"https:\/\/dev.palazzotarlati.it\/wp-content\/uploads\/2022\/10\/021-min-1024x683.jpg\",\"contentUrl\":\"https:\/\/dev.palazzotarlati.it\/wp-content\/uploads\/2022\/10\/021-min-1024x683.jpg\"},{\"@type\":\"BreadcrumbList\",\"@id\":\"https:\/\/palazzotarlati.it\/?page_id=537#breadcrumb\",\"itemListElement\":[{\"@type\":\"ListItem\",\"position\":1,\"name\":\"Home\",\"item\":\"https:\/\/palazzotarlati.it\/\"},{\"@type\":\"ListItem\",\"position\":2,\"name\":\"Il Palazzo\",\"item\":\"https:\/\/palazzotarlati.it\/?page_id=379\"},{\"@type\":\"ListItem\",\"position\":3,\"name\":\"Le Sale e il Giardino\"}]},{\"@type\":\"WebSite\",\"@id\":\"https:\/\/palazzotarlati.it\/#website\",\"url\":\"https:\/\/palazzotarlati.it\/\",\"name\":\"Palazzo Tarlati\",\"description\":\"Hotel de Charme - Residenza d&#039;Epoca\",\"publisher\":{\"@id\":\"https:\/\/palazzotarlati.it\/#organization\"},\"potentialAction\":[{\"@type\":\"SearchAction\",\"target\":{\"@type\":\"EntryPoint\",\"urlTemplate\":\"https:\/\/palazzotarlati.it\/?s={search_term_string}\"},\"query-input\":{\"@type\":\"PropertyValueSpecification\",\"valueRequired\":true,\"valueName\":\"search_term_string\"}}],\"inLanguage\":\"it-IT\"},{\"@type\":\"Organization\",\"@id\":\"https:\/\/palazzotarlati.it\/#organization\",\"name\":\"Palazzo Tarlati\",\"url\":\"https:\/\/palazzotarlati.it\/\",\"logo\":{\"@type\":\"ImageObject\",\"inLanguage\":\"it-IT\",\"@id\":\"https:\/\/palazzotarlati.it\/#\/schema\/logo\/image\/\",\"url\":\"https:\/\/palazzotarlati.it\/wp-content\/uploads\/2022\/09\/cropped-cropped-stemmasq.png\",\"contentUrl\":\"https:\/\/palazzotarlati.it\/wp-content\/uploads\/2022\/09\/cropped-cropped-stemmasq.png\",\"width\":150,\"height\":150,\"caption\":\"Palazzo Tarlati\"},\"image\":{\"@id\":\"https:\/\/palazzotarlati.it\/#\/schema\/logo\/image\/\"}}]}<\/script>\n<!-- \/ Yoast SEO plugin. -->","yoast_head_json":{"title":"Le Sale e il Giardino - Palazzo Tarlati","robots":{"index":"index","follow":"follow","max-snippet":"max-snippet:-1","max-image-preview":"max-image-preview:large","max-video-preview":"max-video-preview:-1"},"canonical":"https:\/\/palazzotarlati.it\/?page_id=537","og_locale":"it_IT","og_type":"article","og_title":"Le Sale e il Giardino - Palazzo Tarlati","og_description":"La Sala dei Confortini, la Sala Aurora e l\u2019Antico Giardino All\u2019interno della Nostra Residenza al piano terra si trovano due sale adiacenti al nostro Antico Giardino, tutte dedicate ai nostri Ospiti. La Sala dei Confortini \u00e8 la storica cucina del Palazzo, dove si trovava ed ancora \u00e8 cos\u00ec conforto nel buon cibo e nel buon &hellip; Read more \"Le Sale e il Giardino\"","og_url":"https:\/\/palazzotarlati.it\/?page_id=537","og_site_name":"Palazzo Tarlati","article_modified_time":"2022-10-23T11:04:29+00:00","og_image":[{"url":"https:\/\/dev.palazzotarlati.it\/wp-content\/uploads\/2022\/10\/021-min-1024x683.jpg","type":"","width":"","height":""}],"twitter_misc":{"Tempo di lettura stimato":"2 minuti"},"schema":{"@context":"https:\/\/schema.org","@graph":[{"@type":"WebPage","@id":"https:\/\/palazzotarlati.it\/?page_id=537","url":"https:\/\/palazzotarlati.it\/?page_id=537","name":"Le Sale e il Giardino - Palazzo Tarlati","isPartOf":{"@id":"https:\/\/palazzotarlati.it\/#website"},"primaryImageOfPage":{"@id":"https:\/\/palazzotarlati.it\/?page_id=537#primaryimage"},"image":{"@id":"https:\/\/palazzotarlati.it\/?page_id=537#primaryimage"},"thumbnailUrl":"https:\/\/dev.palazzotarlati.it\/wp-content\/uploads\/2022\/10\/021-min-1024x683.jpg","datePublished":"2022-10-09T22:26:27+00:00","dateModified":"2022-10-23T11:04:29+00:00","breadcrumb":{"@id":"https:\/\/palazzotarlati.it\/?page_id=537#breadcrumb"},"inLanguage":"it-IT","potentialAction":[{"@type":"ReadAction","target":["https:\/\/palazzotarlati.it\/?page_id=537"]}]},{"@type":"ImageObject","inLanguage":"it-IT","@id":"https:\/\/palazzotarlati.it\/?page_id=537#primaryimage","url":"https:\/\/dev.palazzotarlati.it\/wp-content\/uploads\/2022\/10\/021-min-1024x683.jpg","contentUrl":"https:\/\/dev.palazzotarlati.it\/wp-content\/uploads\/2022\/10\/021-min-1024x683.jpg"},{"@type":"BreadcrumbList","@id":"https:\/\/palazzotarlati.it\/?page_id=537#breadcrumb","itemListElement":[{"@type":"ListItem","position":1,"name":"Home","item":"https:\/\/palazzotarlati.it\/"},{"@type":"ListItem","position":2,"name":"Il Palazzo","item":"https:\/\/palazzotarlati.it\/?page_id=379"},{"@type":"ListItem","position":3,"name":"Le Sale e il Giardino"}]},{"@type":"WebSite","@id":"https:\/\/palazzotarlati.it\/#website","url":"https:\/\/palazzotarlati.it\/","name":"Palazzo Tarlati","description":"Hotel de Charme - Residenza d&#039;Epoca","publisher":{"@id":"https:\/\/palazzotarlati.it\/#organization"},"potentialAction":[{"@type":"SearchAction","target":{"@type":"EntryPoint","urlTemplate":"https:\/\/palazzotarlati.it\/?s={search_term_string}"},"query-input":{"@type":"PropertyValueSpecification","valueRequired":true,"valueName":"search_term_string"}}],"inLanguage":"it-IT"},{"@type":"Organization","@id":"https:\/\/palazzotarlati.it\/#organization","name":"Palazzo Tarlati","url":"https:\/\/palazzotarlati.it\/","logo":{"@type":"ImageObject","inLanguage":"it-IT","@id":"https:\/\/palazzotarlati.it\/#\/schema\/logo\/image\/","url":"https:\/\/palazzotarlati.it\/wp-content\/uploads\/2022\/09\/cropped-cropped-stemmasq.png","contentUrl":"https:\/\/palazzotarlati.it\/wp-content\/uploads\/2022\/09\/cropped-cropped-stemmasq.png","width":150,"height":150,"caption":"Palazzo Tarlati"},"image":{"@id":"https:\/\/palazzotarlati.it\/#\/schema\/logo\/image\/"}}]}},"_links":{"self":[{"href":"https:\/\/palazzotarlati.it\/index.php?rest_route=\/wp\/v2\/pages\/537","targetHints":{"allow":["GET"]}}],"collection":[{"href":"https:\/\/palazzotarlati.it\/index.php?rest_route=\/wp\/v2\/pages"}],"about":[{"href":"https:\/\/palazzotarlati.it\/index.php?rest_route=\/wp\/v2\/types\/page"}],"author":[{"embeddable":true,"href":"https:\/\/palazzotarlati.it\/index.php?rest_route=\/wp\/v2\/users\/4"}],"replies":[{"embeddable":true,"href":"https:\/\/palazzotarlati.it\/index.php?rest_route=%2Fwp%2Fv2%2Fcomments&post=537"}],"version-history":[{"count":7,"href":"https:\/\/palazzotarlati.it\/index.php?rest_route=\/wp\/v2\/pages\/537\/revisions"}],"predecessor-version":[{"id":591,"href":"https:\/\/palazzotarlati.it\/index.php?rest_route=\/wp\/v2\/pages\/537\/revisions\/591"}],"up":[{"embeddable":true,"href":"https:\/\/palazzotarlati.it\/index.php?rest_route=\/wp\/v2\/pages\/379"}],"wp:attachment":[{"href":"https:\/\/palazzotarlati.it\/index.php?rest_route=%2Fwp%2Fv2%2Fmedia&parent=537"}],"curies":[{"name":"wp","href":"https:\/\/api.w.org\/{rel}","templated":true}]}}