{"id":46,"date":"2015-01-19T16:10:48","date_gmt":"2015-01-19T16:10:48","guid":{"rendered":"https:\/\/dev.palazzotarlati.it\/?page_id=46"},"modified":"2022-10-26T01:44:44","modified_gmt":"2022-10-26T01:44:44","slug":"camere","status":"publish","type":"page","link":"https:\/\/palazzotarlati.it\/?page_id=46","title":{"rendered":"Le Camere"},"content":{"rendered":"\n<h2 class=\"has-text-align-center wp-block-heading\" id=\"pagina-le-camere\"><em><strong>Le Camere<\/strong><\/em><\/h2>\n\n\n\n<p class=\"has-text-align-center\">Un tempo lontano arrivarono nel Nostro Palazzo quattro Fanciulle bellissime, ognuna di loro venne ospitata in una camera, le diede il proprio nome, e vivendoci l\u2019arred\u00f2 secondo il proprio carattere ispirandosi ai quattro elementi, con quattro colori, quattro fragranze, e quattro modi di essere.<\/p>\n\n\n\n<h2 class=\"wp-block-heading\" id=\"angelica\"><strong>Angelica<\/strong><\/h2>\n\n\n\n<p>Angelica, l\u2019Acqua, il Verde-Oro, la Meditazione. Gli angioletti della meravigliosa testa dorata del letto, il salottino con le due dormeuse contrapposte. Qui si abbandona ogni pensiero, il mondo resta fuori e si vive una esperienza unica nel suo genere. Qui le anime si scoprono e si ritrovano, ci si purifica e si medita; un punto di rigenerazione totale ed una splendida vasca Jacuzzi completa la purificazione in Acqua.<\/p>\n\n\n\n<figure class=\"wp-block-image size-large\"><a href=\"https:\/\/dev.palazzotarlati.it\/wp-content\/uploads\/2022\/08\/008-min-scaled.jpg\"><img loading=\"lazy\" decoding=\"async\" width=\"1024\" height=\"681\" src=\"https:\/\/dev.palazzotarlati.it\/wp-content\/uploads\/2022\/08\/008-min-1024x681.jpg\" alt=\"\" class=\"wp-image-395\" srcset=\"https:\/\/palazzotarlati.it\/wp-content\/uploads\/2022\/08\/008-min-1024x681.jpg 1024w, https:\/\/palazzotarlati.it\/wp-content\/uploads\/2022\/08\/008-min-300x200.jpg 300w, https:\/\/palazzotarlati.it\/wp-content\/uploads\/2022\/08\/008-min-768x511.jpg 768w, https:\/\/palazzotarlati.it\/wp-content\/uploads\/2022\/08\/008-min-1536x1022.jpg 1536w, https:\/\/palazzotarlati.it\/wp-content\/uploads\/2022\/08\/008-min-2048x1363.jpg 2048w\" sizes=\"auto, (max-width: 1024px) 100vw, 1024px\" \/><\/a><\/figure>\n\n\n\n<hr class=\"wp-block-separator has-alpha-channel-opacity\"\/>\n\n\n\n<h2 class=\"wp-block-heading\" id=\"clarissa\"><strong>Clarissa<\/strong><\/h2>\n\n\n\n<p>Clarissa, l\u2019Aria, Il Giallo-Oro, la Spiritualit\u00e0. Tutti gli arredi in legno intarsiato e preziosi dipinti. Qui si ricerca lo Spirito dentro di noi, i motivi profondi delle unioni tra coppie. Qui gli ospiti si ristorano e riscoprono la gioia del vivere insieme, dell\u2019\u201camate e fate quello che volete\u201d. Un venticello, l\u2019Aria, una leggera brezza come quella che ogni sera carezza le foglie degli alberi secolari che si vedono dalla finestra.<\/p>\n\n\n\n<figure class=\"wp-block-image size-large\"><a href=\"https:\/\/dev.palazzotarlati.it\/wp-content\/uploads\/2022\/08\/004-min-scaled.jpg\"><img loading=\"lazy\" decoding=\"async\" width=\"1024\" height=\"683\" src=\"https:\/\/dev.palazzotarlati.it\/wp-content\/uploads\/2022\/08\/004-min-1024x683.jpg\" alt=\"\" class=\"wp-image-394\" srcset=\"https:\/\/palazzotarlati.it\/wp-content\/uploads\/2022\/08\/004-min-1024x683.jpg 1024w, https:\/\/palazzotarlati.it\/wp-content\/uploads\/2022\/08\/004-min-300x200.jpg 300w, https:\/\/palazzotarlati.it\/wp-content\/uploads\/2022\/08\/004-min-768x512.jpg 768w, https:\/\/palazzotarlati.it\/wp-content\/uploads\/2022\/08\/004-min-1536x1024.jpg 1536w, https:\/\/palazzotarlati.it\/wp-content\/uploads\/2022\/08\/004-min-2048x1365.jpg 2048w\" sizes=\"auto, (max-width: 1024px) 100vw, 1024px\" \/><\/a><\/figure>\n\n\n\n<hr class=\"wp-block-separator has-alpha-channel-opacity\"\/>\n\n\n\n<h2 class=\"wp-block-heading\" id=\"desideria\"><strong>Desideria<\/strong><\/h2>\n\n\n\n<p>Desideria, il Fuoco, il Rosso-Fuoco, la Passione Amorosa. Il letto a baldacchino con lo specchio sopra! Tutto qui ricorda Amore, Eros, Passione. Questa \u00e8 la Camera dell\u2019Amore, ideale per le effusioni, perch\u00e9 il Fuoco arde sempre anche sotto la prima cenere. Desideria \u00e8 ormai una Leggenda nella Leggenda delle Nostre Quattro Fanciulle. Desideria, con il Suo Fuoco, incorona da sempre le pi\u00f9 belle storie d\u2019amore.<\/p>\n\n\n\n<figure class=\"wp-block-image size-large\"><a href=\"https:\/\/dev.palazzotarlati.it\/wp-content\/uploads\/2022\/08\/015-min-scaled.jpg\"><img loading=\"lazy\" decoding=\"async\" width=\"1024\" height=\"683\" src=\"https:\/\/dev.palazzotarlati.it\/wp-content\/uploads\/2022\/08\/015-min-1024x683.jpg\" alt=\"\" class=\"wp-image-393\" srcset=\"https:\/\/palazzotarlati.it\/wp-content\/uploads\/2022\/08\/015-min-1024x683.jpg 1024w, https:\/\/palazzotarlati.it\/wp-content\/uploads\/2022\/08\/015-min-300x200.jpg 300w, https:\/\/palazzotarlati.it\/wp-content\/uploads\/2022\/08\/015-min-768x512.jpg 768w, https:\/\/palazzotarlati.it\/wp-content\/uploads\/2022\/08\/015-min-1536x1024.jpg 1536w, https:\/\/palazzotarlati.it\/wp-content\/uploads\/2022\/08\/015-min-2048x1365.jpg 2048w\" sizes=\"auto, (max-width: 1024px) 100vw, 1024px\" \/><\/a><\/figure>\n\n\n\n<hr class=\"wp-block-separator has-alpha-channel-opacity\"\/>\n\n\n\n<h2 class=\"wp-block-heading\" id=\"florentia\"><strong>Florentia<\/strong><\/h2>\n\n\n\n<p>Florentia, la Terra, l\u2019Azzurro-Argento, la Madre Natura. Ogni particolare di arredo rappresenta fiori e piante. Questa camera \u00e8 molto elegante, ideale per un riposo assoluto, per gioire della natura e della vita dell\u2019uomo in un percorso alle nostre origini. Florentia ristabilisce il contatto dell\u2019uomo e della donna con la natura e l\u2019armonia del creato. Appena usciti da qui si respirano i profumi dei boschi dell\u2019alta collina toscana.<\/p>\n\n\n\n<figure class=\"wp-block-image size-large\"><a href=\"https:\/\/dev.palazzotarlati.it\/wp-content\/uploads\/2022\/08\/001-min-scaled.jpg\"><img loading=\"lazy\" decoding=\"async\" width=\"1024\" height=\"683\" src=\"https:\/\/dev.palazzotarlati.it\/wp-content\/uploads\/2022\/08\/001-min-1024x683.jpg\" alt=\"\" class=\"wp-image-392\" srcset=\"https:\/\/palazzotarlati.it\/wp-content\/uploads\/2022\/08\/001-min-1024x683.jpg 1024w, https:\/\/palazzotarlati.it\/wp-content\/uploads\/2022\/08\/001-min-300x200.jpg 300w, https:\/\/palazzotarlati.it\/wp-content\/uploads\/2022\/08\/001-min-768x512.jpg 768w, https:\/\/palazzotarlati.it\/wp-content\/uploads\/2022\/08\/001-min-1536x1024.jpg 1536w, https:\/\/palazzotarlati.it\/wp-content\/uploads\/2022\/08\/001-min-2048x1365.jpg 2048w\" sizes=\"auto, (max-width: 1024px) 100vw, 1024px\" \/><\/a><\/figure>\n\n\n\n<hr class=\"wp-block-separator has-alpha-channel-opacity\"\/>\n","protected":false},"excerpt":{"rendered":"<p>Le Camere Un tempo lontano arrivarono nel Nostro Palazzo quattro Fanciulle bellissime, ognuna di loro venne ospitata in una camera, le diede il proprio nome, e vivendoci l\u2019arred\u00f2 secondo il proprio carattere ispirandosi ai quattro elementi, con quattro colori, quattro fragranze, e quattro modi di essere. Angelica Angelica, l\u2019Acqua, il Verde-Oro, la Meditazione. Gli angioletti<span class=\"dots\"> &hellip; <\/span><span class=\"link-more\"><a href=\"https:\/\/palazzotarlati.it\/?page_id=46\" class=\"more-link\">Read more <span class=\"screen-reader-text\">&#8220;Le Camere&#8221;<\/span><\/a><\/span><\/p>\n","protected":false},"author":4,"featured_media":0,"parent":0,"menu_order":1,"comment_status":"closed","ping_status":"closed","template":"","meta":{"ngg_post_thumbnail":0,"footnotes":""},"class_list":["post-46","page","type-page","status-publish","hentry"],"yoast_head":"<!-- This site is optimized with the Yoast SEO plugin v24.0 - https:\/\/yoast.com\/wordpress\/plugins\/seo\/ -->\n<title>Le Camere - Palazzo Tarlati<\/title>\n<meta name=\"description\" content=\"palazzo tarlati, tarlati, civitella, civitella in valdichiana, toscana, residenza, residenza d&#039;epoca, x secolo, arezzo, toscana, hotel de charme\" \/>\n<meta name=\"robots\" content=\"index, follow, max-snippet:-1, max-image-preview:large, max-video-preview:-1\" \/>\n<link rel=\"canonical\" href=\"https:\/\/palazzotarlati.it\/?page_id=46\" \/>\n<meta property=\"og:locale\" content=\"it_IT\" \/>\n<meta property=\"og:type\" content=\"article\" \/>\n<meta property=\"og:title\" content=\"Le Camere - Palazzo Tarlati\" \/>\n<meta property=\"og:description\" content=\"palazzo tarlati, tarlati, civitella, civitella in valdichiana, toscana, residenza, residenza d&#039;epoca, x secolo, arezzo, toscana, hotel de charme\" \/>\n<meta property=\"og:url\" content=\"https:\/\/palazzotarlati.it\/?page_id=46\" \/>\n<meta property=\"og:site_name\" content=\"Palazzo Tarlati\" \/>\n<meta property=\"article:modified_time\" content=\"2022-10-26T01:44:44+00:00\" \/>\n<meta property=\"og:image\" content=\"https:\/\/dev.palazzotarlati.it\/wp-content\/uploads\/2022\/08\/008-min-1024x681.jpg\" \/>\n<meta name=\"twitter:label1\" content=\"Tempo di lettura stimato\" \/>\n\t<meta name=\"twitter:data1\" content=\"4 minuti\" \/>\n<script type=\"application\/ld+json\" class=\"yoast-schema-graph\">{\"@context\":\"https:\/\/schema.org\",\"@graph\":[{\"@type\":\"WebPage\",\"@id\":\"https:\/\/palazzotarlati.it\/?page_id=46\",\"url\":\"https:\/\/palazzotarlati.it\/?page_id=46\",\"name\":\"Le Camere - Palazzo Tarlati\",\"isPartOf\":{\"@id\":\"https:\/\/palazzotarlati.it\/#website\"},\"primaryImageOfPage\":{\"@id\":\"https:\/\/palazzotarlati.it\/?page_id=46#primaryimage\"},\"image\":{\"@id\":\"https:\/\/palazzotarlati.it\/?page_id=46#primaryimage\"},\"thumbnailUrl\":\"https:\/\/dev.palazzotarlati.it\/wp-content\/uploads\/2022\/08\/008-min-1024x681.jpg\",\"datePublished\":\"2015-01-19T16:10:48+00:00\",\"dateModified\":\"2022-10-26T01:44:44+00:00\",\"description\":\"palazzo tarlati, tarlati, civitella, civitella in valdichiana, toscana, residenza, residenza d'epoca, x secolo, arezzo, toscana, hotel de charme\",\"breadcrumb\":{\"@id\":\"https:\/\/palazzotarlati.it\/?page_id=46#breadcrumb\"},\"inLanguage\":\"it-IT\",\"potentialAction\":[{\"@type\":\"ReadAction\",\"target\":[\"https:\/\/palazzotarlati.it\/?page_id=46\"]}]},{\"@type\":\"ImageObject\",\"inLanguage\":\"it-IT\",\"@id\":\"https:\/\/palazzotarlati.it\/?page_id=46#primaryimage\",\"url\":\"https:\/\/dev.palazzotarlati.it\/wp-content\/uploads\/2022\/08\/008-min-1024x681.jpg\",\"contentUrl\":\"https:\/\/dev.palazzotarlati.it\/wp-content\/uploads\/2022\/08\/008-min-1024x681.jpg\"},{\"@type\":\"BreadcrumbList\",\"@id\":\"https:\/\/palazzotarlati.it\/?page_id=46#breadcrumb\",\"itemListElement\":[{\"@type\":\"ListItem\",\"position\":1,\"name\":\"Home\",\"item\":\"https:\/\/palazzotarlati.it\/\"},{\"@type\":\"ListItem\",\"position\":2,\"name\":\"Le Camere\"}]},{\"@type\":\"WebSite\",\"@id\":\"https:\/\/palazzotarlati.it\/#website\",\"url\":\"https:\/\/palazzotarlati.it\/\",\"name\":\"Palazzo Tarlati\",\"description\":\"Hotel de Charme - Residenza d&#039;Epoca\",\"publisher\":{\"@id\":\"https:\/\/palazzotarlati.it\/#organization\"},\"potentialAction\":[{\"@type\":\"SearchAction\",\"target\":{\"@type\":\"EntryPoint\",\"urlTemplate\":\"https:\/\/palazzotarlati.it\/?s={search_term_string}\"},\"query-input\":{\"@type\":\"PropertyValueSpecification\",\"valueRequired\":true,\"valueName\":\"search_term_string\"}}],\"inLanguage\":\"it-IT\"},{\"@type\":\"Organization\",\"@id\":\"https:\/\/palazzotarlati.it\/#organization\",\"name\":\"Palazzo Tarlati\",\"url\":\"https:\/\/palazzotarlati.it\/\",\"logo\":{\"@type\":\"ImageObject\",\"inLanguage\":\"it-IT\",\"@id\":\"https:\/\/palazzotarlati.it\/#\/schema\/logo\/image\/\",\"url\":\"https:\/\/palazzotarlati.it\/wp-content\/uploads\/2022\/09\/cropped-cropped-stemmasq.png\",\"contentUrl\":\"https:\/\/palazzotarlati.it\/wp-content\/uploads\/2022\/09\/cropped-cropped-stemmasq.png\",\"width\":150,\"height\":150,\"caption\":\"Palazzo Tarlati\"},\"image\":{\"@id\":\"https:\/\/palazzotarlati.it\/#\/schema\/logo\/image\/\"}}]}<\/script>\n<!-- \/ Yoast SEO plugin. -->","yoast_head_json":{"title":"Le Camere - Palazzo Tarlati","description":"palazzo tarlati, tarlati, civitella, civitella in valdichiana, toscana, residenza, residenza d'epoca, x secolo, arezzo, toscana, hotel de charme","robots":{"index":"index","follow":"follow","max-snippet":"max-snippet:-1","max-image-preview":"max-image-preview:large","max-video-preview":"max-video-preview:-1"},"canonical":"https:\/\/palazzotarlati.it\/?page_id=46","og_locale":"it_IT","og_type":"article","og_title":"Le Camere - Palazzo Tarlati","og_description":"palazzo tarlati, tarlati, civitella, civitella in valdichiana, toscana, residenza, residenza d'epoca, x secolo, arezzo, toscana, hotel de charme","og_url":"https:\/\/palazzotarlati.it\/?page_id=46","og_site_name":"Palazzo Tarlati","article_modified_time":"2022-10-26T01:44:44+00:00","og_image":[{"url":"https:\/\/dev.palazzotarlati.it\/wp-content\/uploads\/2022\/08\/008-min-1024x681.jpg","type":"","width":"","height":""}],"twitter_misc":{"Tempo di lettura stimato":"4 minuti"},"schema":{"@context":"https:\/\/schema.org","@graph":[{"@type":"WebPage","@id":"https:\/\/palazzotarlati.it\/?page_id=46","url":"https:\/\/palazzotarlati.it\/?page_id=46","name":"Le Camere - Palazzo Tarlati","isPartOf":{"@id":"https:\/\/palazzotarlati.it\/#website"},"primaryImageOfPage":{"@id":"https:\/\/palazzotarlati.it\/?page_id=46#primaryimage"},"image":{"@id":"https:\/\/palazzotarlati.it\/?page_id=46#primaryimage"},"thumbnailUrl":"https:\/\/dev.palazzotarlati.it\/wp-content\/uploads\/2022\/08\/008-min-1024x681.jpg","datePublished":"2015-01-19T16:10:48+00:00","dateModified":"2022-10-26T01:44:44+00:00","description":"palazzo tarlati, tarlati, civitella, civitella in valdichiana, toscana, residenza, residenza d'epoca, x secolo, arezzo, toscana, hotel de charme","breadcrumb":{"@id":"https:\/\/palazzotarlati.it\/?page_id=46#breadcrumb"},"inLanguage":"it-IT","potentialAction":[{"@type":"ReadAction","target":["https:\/\/palazzotarlati.it\/?page_id=46"]}]},{"@type":"ImageObject","inLanguage":"it-IT","@id":"https:\/\/palazzotarlati.it\/?page_id=46#primaryimage","url":"https:\/\/dev.palazzotarlati.it\/wp-content\/uploads\/2022\/08\/008-min-1024x681.jpg","contentUrl":"https:\/\/dev.palazzotarlati.it\/wp-content\/uploads\/2022\/08\/008-min-1024x681.jpg"},{"@type":"BreadcrumbList","@id":"https:\/\/palazzotarlati.it\/?page_id=46#breadcrumb","itemListElement":[{"@type":"ListItem","position":1,"name":"Home","item":"https:\/\/palazzotarlati.it\/"},{"@type":"ListItem","position":2,"name":"Le Camere"}]},{"@type":"WebSite","@id":"https:\/\/palazzotarlati.it\/#website","url":"https:\/\/palazzotarlati.it\/","name":"Palazzo Tarlati","description":"Hotel de Charme - Residenza d&#039;Epoca","publisher":{"@id":"https:\/\/palazzotarlati.it\/#organization"},"potentialAction":[{"@type":"SearchAction","target":{"@type":"EntryPoint","urlTemplate":"https:\/\/palazzotarlati.it\/?s={search_term_string}"},"query-input":{"@type":"PropertyValueSpecification","valueRequired":true,"valueName":"search_term_string"}}],"inLanguage":"it-IT"},{"@type":"Organization","@id":"https:\/\/palazzotarlati.it\/#organization","name":"Palazzo Tarlati","url":"https:\/\/palazzotarlati.it\/","logo":{"@type":"ImageObject","inLanguage":"it-IT","@id":"https:\/\/palazzotarlati.it\/#\/schema\/logo\/image\/","url":"https:\/\/palazzotarlati.it\/wp-content\/uploads\/2022\/09\/cropped-cropped-stemmasq.png","contentUrl":"https:\/\/palazzotarlati.it\/wp-content\/uploads\/2022\/09\/cropped-cropped-stemmasq.png","width":150,"height":150,"caption":"Palazzo Tarlati"},"image":{"@id":"https:\/\/palazzotarlati.it\/#\/schema\/logo\/image\/"}}]}},"_links":{"self":[{"href":"https:\/\/palazzotarlati.it\/index.php?rest_route=\/wp\/v2\/pages\/46","targetHints":{"allow":["GET"]}}],"collection":[{"href":"https:\/\/palazzotarlati.it\/index.php?rest_route=\/wp\/v2\/pages"}],"about":[{"href":"https:\/\/palazzotarlati.it\/index.php?rest_route=\/wp\/v2\/types\/page"}],"author":[{"embeddable":true,"href":"https:\/\/palazzotarlati.it\/index.php?rest_route=\/wp\/v2\/users\/4"}],"replies":[{"embeddable":true,"href":"https:\/\/palazzotarlati.it\/index.php?rest_route=%2Fwp%2Fv2%2Fcomments&post=46"}],"version-history":[{"count":23,"href":"https:\/\/palazzotarlati.it\/index.php?rest_route=\/wp\/v2\/pages\/46\/revisions"}],"predecessor-version":[{"id":644,"href":"https:\/\/palazzotarlati.it\/index.php?rest_route=\/wp\/v2\/pages\/46\/revisions\/644"}],"wp:attachment":[{"href":"https:\/\/palazzotarlati.it\/index.php?rest_route=%2Fwp%2Fv2%2Fmedia&parent=46"}],"curies":[{"name":"wp","href":"https:\/\/api.w.org\/{rel}","templated":true}]}}