{"id":373,"date":"2022-08-14T23:25:46","date_gmt":"2022-08-14T23:25:46","guid":{"rendered":"https:\/\/dev.palazzotarlati.it\/?page_id=373"},"modified":"2022-10-23T11:07:15","modified_gmt":"2022-10-23T11:07:15","slug":"chi-siamo","status":"publish","type":"page","link":"https:\/\/palazzotarlati.it\/?page_id=373","title":{"rendered":"Chi Siamo"},"content":{"rendered":"\n<h2 class=\"wp-block-heading\"><strong>Chi siamo<\/strong><\/h2>\n\n\n\n<p>La mia famiglia \u00e8 proprietaria di questo Palazzo da quattro generazioni.<br>Io rappresento la terza di queste generazioni ed il mio ultimo figlio \u00e8 nato qui. La campana maestra del paese \u00e8 stata dedicata a S. Francesco e porta inciso il nome della nostra famiglia e quello del parroco.<br>Abitare in un palazzo antico vuol dire crescere respirando la storia e navigare nei luoghi dove i precedenti abitanti hanno vissuto le loro emozioni, che restano tangibili nell\u2019aria.<br>Questo luogo di importanti passioni e di accese battaglie ci protegge e ci avvolge.<br>Uomini importanti hanno vissuto qui ed \u00e8 come se a distanza di secoli infondessero ancora il loro spirito a chi abita queste stanze.<\/p>\n\n\n\n<figure class=\"wp-block-image size-large\"><a href=\"https:\/\/dev.palazzotarlati.it\/wp-content\/uploads\/2022\/09\/025-min-scaled.jpg\"><img loading=\"lazy\" decoding=\"async\" width=\"1024\" height=\"683\" src=\"https:\/\/dev.palazzotarlati.it\/wp-content\/uploads\/2022\/09\/025-min-1024x683.jpg\" alt=\"\" class=\"wp-image-446\" srcset=\"https:\/\/palazzotarlati.it\/wp-content\/uploads\/2022\/09\/025-min-1024x683.jpg 1024w, https:\/\/palazzotarlati.it\/wp-content\/uploads\/2022\/09\/025-min-300x200.jpg 300w, https:\/\/palazzotarlati.it\/wp-content\/uploads\/2022\/09\/025-min-768x512.jpg 768w, https:\/\/palazzotarlati.it\/wp-content\/uploads\/2022\/09\/025-min-1536x1024.jpg 1536w, https:\/\/palazzotarlati.it\/wp-content\/uploads\/2022\/09\/025-min-2048x1365.jpg 2048w\" sizes=\"auto, (max-width: 1024px) 100vw, 1024px\" \/><\/a><\/figure>\n\n\n\n<p><br>Palazzo Podestarile, centro di Giustizia e di Reggenza, da qui si amministravano gli equilibri politici ed economici dalla Valtiberina al Valdarno.<br>Emblematica, infatti, \u00e8 la raffigurazione del San Giacomo e del San Giovanni Battista ai lati della Vergine nell\u2019affresco della Sala delle Udienze.<br>Un tesoro \u00e8 tale se pu\u00f2 essere condiviso con il mio prossimo, per questo \u00e8 nato il progetto di creare una Residenza d\u2019Epoca diversa da ogni altra mai concepita.<br>Gli antichi fasti e la tradizionale ospitalit\u00e0 si sposano con una serie di Percorsi di Emozioni per cui le persone che soggiorneranno in questa dimora, vivranno momenti irripetibili ed indimenticabili.<br>Per garantire a tutti voi le nostre tradizioni ci saremo sempre noi ad accogliervi con il nostro calore e la nostra simpatia. Noi facciamo ospitalit\u00e0 per passione e siamo sempre disponibili a consigliarvi per rendere uniche le vostre escursioni alla ricerca della Toscana meno conosciuta.<\/p>\n\n\n\n<hr class=\"wp-block-separator has-alpha-channel-opacity\"\/>\n\n\n\n<h2 class=\"wp-block-heading\"><strong>La Residenza<\/strong><\/h2>\n\n\n\n<p>Il Palazzo Pretorio di Civitella appartiene alla nostra famiglia da circa 70 anni. Dopo gli ultimi restauri abbiamo deciso di creare al suo interno un Hotel de Charme in &nbsp;Residenza d\u2019Epoca particolare e molto esclusiva che abbiamo chiamato Palazzo Tarlati in onore ad una Nobile Famiglia Aretina che per un periodo vi ha abitato e da questo luogo ha governato.<\/p>\n\n\n<div class=\"wp-block-image\">\n<figure class=\"aligncenter size-full\"><a href=\"https:\/\/dev.palazzotarlati.it\/wp-content\/uploads\/2022\/09\/027.jpg\"><img loading=\"lazy\" decoding=\"async\" width=\"1020\" height=\"796\" src=\"https:\/\/dev.palazzotarlati.it\/wp-content\/uploads\/2022\/09\/027.jpg\" alt=\"\" class=\"wp-image-442\" srcset=\"https:\/\/palazzotarlati.it\/wp-content\/uploads\/2022\/09\/027.jpg 1020w, https:\/\/palazzotarlati.it\/wp-content\/uploads\/2022\/09\/027-300x234.jpg 300w, https:\/\/palazzotarlati.it\/wp-content\/uploads\/2022\/09\/027-768x599.jpg 768w\" sizes=\"auto, (max-width: 1020px) 100vw, 1020px\" \/><\/a><\/figure><\/div>\n\n\n<p>Abbiamo realizzato quattro camere finemente arredate con pregiati pezzi di antiquariato, connotandole con tematiche diverse. Le camere hanno nomi di donna e forniscono i migliori comfort uniti a particolari dotazioni tematiche. <\/p>\n\n\n\n<p>Al primo piano si trova la Sala Tarlati preziosa custodia dell\u2019affresco pi\u00f9 bello del Palazzo e luogo unico per incontri di lavoro e riunioni di affari ad altissimo livello. <\/p>\n\n\n\n<p>Al piano terra ci sono la Sala Aurora , la Sala dei Confortini ed il giardino. <\/p>\n\n\n\n<hr class=\"wp-block-separator has-alpha-channel-opacity\"\/>\n","protected":false},"excerpt":{"rendered":"<p>Chi siamo La mia famiglia \u00e8 proprietaria di questo Palazzo da quattro generazioni.Io rappresento la terza di queste generazioni ed il mio ultimo figlio \u00e8 nato qui. La campana maestra del paese \u00e8 stata dedicata a S. Francesco e porta inciso il nome della nostra famiglia e quello del parroco.Abitare in un palazzo antico vuol<span class=\"dots\"> &hellip; <\/span><span class=\"link-more\"><a href=\"https:\/\/palazzotarlati.it\/?page_id=373\" class=\"more-link\">Read more <span class=\"screen-reader-text\">&#8220;Chi Siamo&#8221;<\/span><\/a><\/span><\/p>\n","protected":false},"author":4,"featured_media":0,"parent":0,"menu_order":0,"comment_status":"closed","ping_status":"closed","template":"","meta":{"ngg_post_thumbnail":0,"footnotes":""},"class_list":["post-373","page","type-page","status-publish","hentry"],"yoast_head":"<!-- This site is optimized with the Yoast SEO plugin v24.0 - https:\/\/yoast.com\/wordpress\/plugins\/seo\/ -->\n<title>Chi Siamo - Palazzo Tarlati<\/title>\n<meta name=\"robots\" content=\"index, follow, max-snippet:-1, max-image-preview:large, max-video-preview:-1\" \/>\n<link rel=\"canonical\" href=\"https:\/\/palazzotarlati.it\/?page_id=373\" \/>\n<meta property=\"og:locale\" content=\"it_IT\" \/>\n<meta property=\"og:type\" content=\"article\" \/>\n<meta property=\"og:title\" content=\"Chi Siamo - Palazzo Tarlati\" \/>\n<meta property=\"og:description\" content=\"Chi siamo La mia famiglia \u00e8 proprietaria di questo Palazzo da quattro generazioni.Io rappresento la terza di queste generazioni ed il mio ultimo figlio \u00e8 nato qui. La campana maestra del paese \u00e8 stata dedicata a S. Francesco e porta inciso il nome della nostra famiglia e quello del parroco.Abitare in un palazzo antico vuol &hellip; Read more &quot;Chi Siamo&quot;\" \/>\n<meta property=\"og:url\" content=\"https:\/\/palazzotarlati.it\/?page_id=373\" \/>\n<meta property=\"og:site_name\" content=\"Palazzo Tarlati\" \/>\n<meta property=\"article:modified_time\" content=\"2022-10-23T11:07:15+00:00\" \/>\n<meta property=\"og:image\" content=\"https:\/\/dev.palazzotarlati.it\/wp-content\/uploads\/2022\/09\/025-min-1024x683.jpg\" \/>\n<meta name=\"twitter:label1\" content=\"Tempo di lettura stimato\" \/>\n\t<meta name=\"twitter:data1\" content=\"2 minuti\" \/>\n<script type=\"application\/ld+json\" class=\"yoast-schema-graph\">{\"@context\":\"https:\/\/schema.org\",\"@graph\":[{\"@type\":\"WebPage\",\"@id\":\"https:\/\/palazzotarlati.it\/?page_id=373\",\"url\":\"https:\/\/palazzotarlati.it\/?page_id=373\",\"name\":\"Chi Siamo - Palazzo Tarlati\",\"isPartOf\":{\"@id\":\"https:\/\/palazzotarlati.it\/#website\"},\"primaryImageOfPage\":{\"@id\":\"https:\/\/palazzotarlati.it\/?page_id=373#primaryimage\"},\"image\":{\"@id\":\"https:\/\/palazzotarlati.it\/?page_id=373#primaryimage\"},\"thumbnailUrl\":\"https:\/\/dev.palazzotarlati.it\/wp-content\/uploads\/2022\/09\/025-min-1024x683.jpg\",\"datePublished\":\"2022-08-14T23:25:46+00:00\",\"dateModified\":\"2022-10-23T11:07:15+00:00\",\"breadcrumb\":{\"@id\":\"https:\/\/palazzotarlati.it\/?page_id=373#breadcrumb\"},\"inLanguage\":\"it-IT\",\"potentialAction\":[{\"@type\":\"ReadAction\",\"target\":[\"https:\/\/palazzotarlati.it\/?page_id=373\"]}]},{\"@type\":\"ImageObject\",\"inLanguage\":\"it-IT\",\"@id\":\"https:\/\/palazzotarlati.it\/?page_id=373#primaryimage\",\"url\":\"https:\/\/dev.palazzotarlati.it\/wp-content\/uploads\/2022\/09\/025-min-1024x683.jpg\",\"contentUrl\":\"https:\/\/dev.palazzotarlati.it\/wp-content\/uploads\/2022\/09\/025-min-1024x683.jpg\"},{\"@type\":\"BreadcrumbList\",\"@id\":\"https:\/\/palazzotarlati.it\/?page_id=373#breadcrumb\",\"itemListElement\":[{\"@type\":\"ListItem\",\"position\":1,\"name\":\"Home\",\"item\":\"https:\/\/palazzotarlati.it\/\"},{\"@type\":\"ListItem\",\"position\":2,\"name\":\"Chi Siamo\"}]},{\"@type\":\"WebSite\",\"@id\":\"https:\/\/palazzotarlati.it\/#website\",\"url\":\"https:\/\/palazzotarlati.it\/\",\"name\":\"Palazzo Tarlati\",\"description\":\"Hotel de Charme - Residenza d&#039;Epoca\",\"publisher\":{\"@id\":\"https:\/\/palazzotarlati.it\/#organization\"},\"potentialAction\":[{\"@type\":\"SearchAction\",\"target\":{\"@type\":\"EntryPoint\",\"urlTemplate\":\"https:\/\/palazzotarlati.it\/?s={search_term_string}\"},\"query-input\":{\"@type\":\"PropertyValueSpecification\",\"valueRequired\":true,\"valueName\":\"search_term_string\"}}],\"inLanguage\":\"it-IT\"},{\"@type\":\"Organization\",\"@id\":\"https:\/\/palazzotarlati.it\/#organization\",\"name\":\"Palazzo Tarlati\",\"url\":\"https:\/\/palazzotarlati.it\/\",\"logo\":{\"@type\":\"ImageObject\",\"inLanguage\":\"it-IT\",\"@id\":\"https:\/\/palazzotarlati.it\/#\/schema\/logo\/image\/\",\"url\":\"https:\/\/palazzotarlati.it\/wp-content\/uploads\/2022\/09\/cropped-cropped-stemmasq.png\",\"contentUrl\":\"https:\/\/palazzotarlati.it\/wp-content\/uploads\/2022\/09\/cropped-cropped-stemmasq.png\",\"width\":150,\"height\":150,\"caption\":\"Palazzo Tarlati\"},\"image\":{\"@id\":\"https:\/\/palazzotarlati.it\/#\/schema\/logo\/image\/\"}}]}<\/script>\n<!-- \/ Yoast SEO plugin. -->","yoast_head_json":{"title":"Chi Siamo - Palazzo Tarlati","robots":{"index":"index","follow":"follow","max-snippet":"max-snippet:-1","max-image-preview":"max-image-preview:large","max-video-preview":"max-video-preview:-1"},"canonical":"https:\/\/palazzotarlati.it\/?page_id=373","og_locale":"it_IT","og_type":"article","og_title":"Chi Siamo - Palazzo Tarlati","og_description":"Chi siamo La mia famiglia \u00e8 proprietaria di questo Palazzo da quattro generazioni.Io rappresento la terza di queste generazioni ed il mio ultimo figlio \u00e8 nato qui. La campana maestra del paese \u00e8 stata dedicata a S. Francesco e porta inciso il nome della nostra famiglia e quello del parroco.Abitare in un palazzo antico vuol &hellip; Read more \"Chi Siamo\"","og_url":"https:\/\/palazzotarlati.it\/?page_id=373","og_site_name":"Palazzo Tarlati","article_modified_time":"2022-10-23T11:07:15+00:00","og_image":[{"url":"https:\/\/dev.palazzotarlati.it\/wp-content\/uploads\/2022\/09\/025-min-1024x683.jpg","type":"","width":"","height":""}],"twitter_misc":{"Tempo di lettura stimato":"2 minuti"},"schema":{"@context":"https:\/\/schema.org","@graph":[{"@type":"WebPage","@id":"https:\/\/palazzotarlati.it\/?page_id=373","url":"https:\/\/palazzotarlati.it\/?page_id=373","name":"Chi Siamo - Palazzo Tarlati","isPartOf":{"@id":"https:\/\/palazzotarlati.it\/#website"},"primaryImageOfPage":{"@id":"https:\/\/palazzotarlati.it\/?page_id=373#primaryimage"},"image":{"@id":"https:\/\/palazzotarlati.it\/?page_id=373#primaryimage"},"thumbnailUrl":"https:\/\/dev.palazzotarlati.it\/wp-content\/uploads\/2022\/09\/025-min-1024x683.jpg","datePublished":"2022-08-14T23:25:46+00:00","dateModified":"2022-10-23T11:07:15+00:00","breadcrumb":{"@id":"https:\/\/palazzotarlati.it\/?page_id=373#breadcrumb"},"inLanguage":"it-IT","potentialAction":[{"@type":"ReadAction","target":["https:\/\/palazzotarlati.it\/?page_id=373"]}]},{"@type":"ImageObject","inLanguage":"it-IT","@id":"https:\/\/palazzotarlati.it\/?page_id=373#primaryimage","url":"https:\/\/dev.palazzotarlati.it\/wp-content\/uploads\/2022\/09\/025-min-1024x683.jpg","contentUrl":"https:\/\/dev.palazzotarlati.it\/wp-content\/uploads\/2022\/09\/025-min-1024x683.jpg"},{"@type":"BreadcrumbList","@id":"https:\/\/palazzotarlati.it\/?page_id=373#breadcrumb","itemListElement":[{"@type":"ListItem","position":1,"name":"Home","item":"https:\/\/palazzotarlati.it\/"},{"@type":"ListItem","position":2,"name":"Chi Siamo"}]},{"@type":"WebSite","@id":"https:\/\/palazzotarlati.it\/#website","url":"https:\/\/palazzotarlati.it\/","name":"Palazzo Tarlati","description":"Hotel de Charme - Residenza d&#039;Epoca","publisher":{"@id":"https:\/\/palazzotarlati.it\/#organization"},"potentialAction":[{"@type":"SearchAction","target":{"@type":"EntryPoint","urlTemplate":"https:\/\/palazzotarlati.it\/?s={search_term_string}"},"query-input":{"@type":"PropertyValueSpecification","valueRequired":true,"valueName":"search_term_string"}}],"inLanguage":"it-IT"},{"@type":"Organization","@id":"https:\/\/palazzotarlati.it\/#organization","name":"Palazzo Tarlati","url":"https:\/\/palazzotarlati.it\/","logo":{"@type":"ImageObject","inLanguage":"it-IT","@id":"https:\/\/palazzotarlati.it\/#\/schema\/logo\/image\/","url":"https:\/\/palazzotarlati.it\/wp-content\/uploads\/2022\/09\/cropped-cropped-stemmasq.png","contentUrl":"https:\/\/palazzotarlati.it\/wp-content\/uploads\/2022\/09\/cropped-cropped-stemmasq.png","width":150,"height":150,"caption":"Palazzo Tarlati"},"image":{"@id":"https:\/\/palazzotarlati.it\/#\/schema\/logo\/image\/"}}]}},"_links":{"self":[{"href":"https:\/\/palazzotarlati.it\/index.php?rest_route=\/wp\/v2\/pages\/373","targetHints":{"allow":["GET"]}}],"collection":[{"href":"https:\/\/palazzotarlati.it\/index.php?rest_route=\/wp\/v2\/pages"}],"about":[{"href":"https:\/\/palazzotarlati.it\/index.php?rest_route=\/wp\/v2\/types\/page"}],"author":[{"embeddable":true,"href":"https:\/\/palazzotarlati.it\/index.php?rest_route=\/wp\/v2\/users\/4"}],"replies":[{"embeddable":true,"href":"https:\/\/palazzotarlati.it\/index.php?rest_route=%2Fwp%2Fv2%2Fcomments&post=373"}],"version-history":[{"count":7,"href":"https:\/\/palazzotarlati.it\/index.php?rest_route=\/wp\/v2\/pages\/373\/revisions"}],"predecessor-version":[{"id":621,"href":"https:\/\/palazzotarlati.it\/index.php?rest_route=\/wp\/v2\/pages\/373\/revisions\/621"}],"wp:attachment":[{"href":"https:\/\/palazzotarlati.it\/index.php?rest_route=%2Fwp%2Fv2%2Fmedia&parent=373"}],"curies":[{"name":"wp","href":"https:\/\/api.w.org\/{rel}","templated":true}]}}