{"id":356,"date":"2022-08-14T23:04:03","date_gmt":"2022-08-14T23:04:03","guid":{"rendered":"https:\/\/dev.palazzotarlati.it\/?page_id=356"},"modified":"2022-10-23T11:04:17","modified_gmt":"2022-10-23T11:04:17","slug":"la-storia","status":"publish","type":"page","link":"https:\/\/palazzotarlati.it\/?page_id=356","title":{"rendered":"La Storia"},"content":{"rendered":"\n<h2 class=\"wp-block-heading\"><strong>La Storia di Civitella in Val di Chiana<\/strong><\/h2>\n\n\n\n<p>Borgo di origini antichissime, Civitella in Val di Chiana esisteva gi\u00e0 come insediamento ai tempi degli Etruschi e dei Romani. La naturale ubicazione del fortilizio \u00e8 una posizione Il Borgo Medioevale predominante di altura prospiciente sulle vallate sottostanti. I Longobardi tra il VI ed il VII resero il paese uno dei pi\u00f9 importanti fortilizi del territorio e lo incastonarono dentro una cinta muraria di forma ellittica tipica degli insediamenti militari e ancora oggi perfettamente visibile. Nel X ed XI secolo nascono nel territorio Monasteri, Badie ed Ospedali sui percorsi delle antiche vie Romane prima e Medioevali in seguito e Civitella vive in questo periodo un forte sviluppo. Da questo momento le notizie sul Feudo di Civitella si fanno pi\u00f9 numerose e dettagliate fino a che, dopo l\u2019anno mille, questa diventa di appartenenza del Vescovo di Arezzo, da cui il nome \u201cCivitella del Vescovo\u201d. <\/p>\n\n\n<div class=\"wp-block-image\">\n<figure class=\"aligncenter size-large is-resized\"><a href=\"https:\/\/dev.palazzotarlati.it\/wp-content\/uploads\/2022\/09\/Il-Borgo-Medioevale.jpg\"><img loading=\"lazy\" decoding=\"async\" src=\"https:\/\/dev.palazzotarlati.it\/wp-content\/uploads\/2022\/09\/Il-Borgo-Medioevale-1024x650.jpg\" alt=\"\" class=\"wp-image-461\" width=\"512\" height=\"325\" srcset=\"https:\/\/palazzotarlati.it\/wp-content\/uploads\/2022\/09\/Il-Borgo-Medioevale-1024x650.jpg 1024w, https:\/\/palazzotarlati.it\/wp-content\/uploads\/2022\/09\/Il-Borgo-Medioevale-300x190.jpg 300w, https:\/\/palazzotarlati.it\/wp-content\/uploads\/2022\/09\/Il-Borgo-Medioevale-768x487.jpg 768w, https:\/\/palazzotarlati.it\/wp-content\/uploads\/2022\/09\/Il-Borgo-Medioevale-1536x975.jpg 1536w, https:\/\/palazzotarlati.it\/wp-content\/uploads\/2022\/09\/Il-Borgo-Medioevale-2048x1300.jpg 2048w\" sizes=\"auto, (max-width: 512px) 100vw, 512px\" \/><\/a><\/figure><\/div>\n\n\n<p>Dominando i percorsi verso Siena e verso Firenze, Civitella assunse una notevole importanza strategica, tant&#8217;\u00e8 che i Vescovi vi stabilirono una residenza con duplice funzione di rifugio militare e di residenza estiva. Civitella in Val di Chiana ed il suo castello, videro le battaglie tra i Guelfi ed i Ghibellini e vissero il periodo di massimo splendore quando il Vescovo Guido Tarlati, nel 1318, ne fece la propria residenza. <\/p>\n\n\n\n<p>Durante il trecento il castello, come tanti altri nelle zone limitrofe, vide l\u2019alternarsi del dominio Fiorentino e quello dei Vescovi di Arezzo, fino a che pass\u00f2 definitivamente sotto il Giglio nel 1384, diventando sede di Podesteria. <\/p>\n\n\n<div class=\"wp-block-image\">\n<figure class=\"aligncenter size-large is-resized\"><a href=\"https:\/\/dev.palazzotarlati.it\/wp-content\/uploads\/2022\/09\/Home-Page.jpg\"><img loading=\"lazy\" decoding=\"async\" src=\"https:\/\/dev.palazzotarlati.it\/wp-content\/uploads\/2022\/09\/Home-Page-1024x676.jpg\" alt=\"\" class=\"wp-image-460\" width=\"512\" height=\"338\" srcset=\"https:\/\/palazzotarlati.it\/wp-content\/uploads\/2022\/09\/Home-Page-1024x676.jpg 1024w, https:\/\/palazzotarlati.it\/wp-content\/uploads\/2022\/09\/Home-Page-300x198.jpg 300w, https:\/\/palazzotarlati.it\/wp-content\/uploads\/2022\/09\/Home-Page-768x507.jpg 768w, https:\/\/palazzotarlati.it\/wp-content\/uploads\/2022\/09\/Home-Page-1536x1015.jpg 1536w, https:\/\/palazzotarlati.it\/wp-content\/uploads\/2022\/09\/Home-Page-2048x1353.jpg 2048w\" sizes=\"auto, (max-width: 512px) 100vw, 512px\" \/><\/a><\/figure><\/div>\n\n\n<p>Il potere assoluto della Chiesa, gli eretici e la loro persecuzione, crearono intorno a Civitella un alone di mistero, ci sono storie di streghe e di brava gente, di riti e di fede. Civitella ed il suo Podest\u00e0 prosperarono per i secoli successivi, fino a che la Podesteria entr\u00f2 in crisi nel XVIII secolo, per poi essere smantellata nel 1808 in seguito all&#8217;entrata in vigore della legislazione Napoleonica e fu soppressa definitivamente nel 1838. Come un tranquillo paese di persone per bene dedite all&#8217;artigianato e all&#8217;agricoltura ha conosciuto l\u2019orrore delle Guerre, che hanno reso Civitella oggi un simbolo della cultura della Pace.<\/p>\n\n\n\n<hr class=\"wp-block-separator has-alpha-channel-opacity\"\/>\n\n\n\n<h2 class=\"wp-block-heading\"><strong>Il Borgo<\/strong><\/h2>\n\n\n\n<p>Civitella oggi \u00e8 un\u2019oasi sospesa nel tempo e nello spazio, un diadema che orna una collina di pietra calcarea a 550mt s.l.m..<\/p>\n\n\n<div class=\"wp-block-image\">\n<figure class=\"aligncenter size-large is-resized\"><a href=\"https:\/\/dev.palazzotarlati.it\/wp-content\/uploads\/2022\/09\/Esterno3PG-scaled.jpg\"><img loading=\"lazy\" decoding=\"async\" src=\"https:\/\/dev.palazzotarlati.it\/wp-content\/uploads\/2022\/09\/Esterno3PG-1024x681.jpg\" alt=\"\" class=\"wp-image-462\" width=\"512\" height=\"341\" srcset=\"https:\/\/palazzotarlati.it\/wp-content\/uploads\/2022\/09\/Esterno3PG-1024x681.jpg 1024w, https:\/\/palazzotarlati.it\/wp-content\/uploads\/2022\/09\/Esterno3PG-300x199.jpg 300w, https:\/\/palazzotarlati.it\/wp-content\/uploads\/2022\/09\/Esterno3PG-768x511.jpg 768w, https:\/\/palazzotarlati.it\/wp-content\/uploads\/2022\/09\/Esterno3PG-1536x1021.jpg 1536w, https:\/\/palazzotarlati.it\/wp-content\/uploads\/2022\/09\/Esterno3PG-2048x1362.jpg 2048w\" sizes=\"auto, (max-width: 512px) 100vw, 512px\" \/><\/a><\/figure><\/div>\n\n\n<p>Il paese dista 10 km dal casello A1 di Arezzo, ma 12 km dal primo semaforo, 9 km dal primo insediamento industriale; ma dista solo 36 km da Siena, 60 km da Firenze, 64 km da Perugia.<br>Il Paese di Civitella \u00e8 l\u2019orgoglio dell\u2019intero Comune, il salotto buono dove si ricevono gli ospiti importanti, ogni viuzza e ogni scorcio sono esempi di rara bellezza, inseriti in un contesto paesaggistico unico.<br>Qui si comprende il concetto della misura d\u2019uomo, i ritmi, le tradizioni, il passare dei giorni sono lontani dalla vita quotidiana delle citt\u00e0.<br>In paese si \u00e8 soliti mangiare a mezzogiorno perch\u00e9 \u201cLa mezza suona una volta sola \u201ce dopo tale ora il saluto da buongiorno diventa buonasera.<br>Il turismo non ha ancora scoperto Civitella e noi ne siamo felici.<br>Sui muretti riposano ancora gli abitanti di et\u00e0 maggiore, i bambini giocano in piazza e ogni tanto la quiete \u00e8 incrinata dal rombante motore di un trattore che viene a prendere l\u2019acqua per le vigne alla cisterna del paese.<br>La domenica ci si trova tutti a messa, con i panni buoni, le donne divise dagli uomini ed ognuno parla un pochino male dell\u2019altro, ma in fondo ci si vuole tutti bene.<\/p>\n\n\n\n<figure class=\"wp-block-image size-large\"><a href=\"https:\/\/dev.palazzotarlati.it\/wp-content\/uploads\/2022\/09\/Esterno-scaled.jpg\"><img loading=\"lazy\" decoding=\"async\" width=\"1024\" height=\"681\" src=\"https:\/\/dev.palazzotarlati.it\/wp-content\/uploads\/2022\/09\/Esterno-1024x681.jpg\" alt=\"\" class=\"wp-image-459\" srcset=\"https:\/\/palazzotarlati.it\/wp-content\/uploads\/2022\/09\/Esterno-1024x681.jpg 1024w, https:\/\/palazzotarlati.it\/wp-content\/uploads\/2022\/09\/Esterno-300x199.jpg 300w, https:\/\/palazzotarlati.it\/wp-content\/uploads\/2022\/09\/Esterno-768x511.jpg 768w, https:\/\/palazzotarlati.it\/wp-content\/uploads\/2022\/09\/Esterno-1536x1021.jpg 1536w, https:\/\/palazzotarlati.it\/wp-content\/uploads\/2022\/09\/Esterno-2048x1362.jpg 2048w\" sizes=\"auto, (max-width: 1024px) 100vw, 1024px\" \/><\/a><\/figure>\n\n\n\n<hr class=\"wp-block-separator has-alpha-channel-opacity\"\/>\n","protected":false},"excerpt":{"rendered":"<p>La Storia di Civitella in Val di Chiana Borgo di origini antichissime, Civitella in Val di Chiana esisteva gi\u00e0 come insediamento ai tempi degli Etruschi e dei Romani. La naturale ubicazione del fortilizio \u00e8 una posizione Il Borgo Medioevale predominante di altura prospiciente sulle vallate sottostanti. I Longobardi tra il VI ed il VII resero<span class=\"dots\"> &hellip; <\/span><span class=\"link-more\"><a href=\"https:\/\/palazzotarlati.it\/?page_id=356\" class=\"more-link\">Read more <span class=\"screen-reader-text\">&#8220;La Storia&#8221;<\/span><\/a><\/span><\/p>\n","protected":false},"author":4,"featured_media":0,"parent":379,"menu_order":3,"comment_status":"closed","ping_status":"closed","template":"","meta":{"ngg_post_thumbnail":0,"footnotes":""},"class_list":["post-356","page","type-page","status-publish","hentry"],"yoast_head":"<!-- This site is optimized with the Yoast SEO plugin v24.0 - https:\/\/yoast.com\/wordpress\/plugins\/seo\/ -->\n<title>La Storia - Palazzo Tarlati<\/title>\n<meta name=\"robots\" content=\"index, follow, max-snippet:-1, max-image-preview:large, max-video-preview:-1\" \/>\n<link rel=\"canonical\" href=\"https:\/\/palazzotarlati.it\/?page_id=356\" \/>\n<meta property=\"og:locale\" content=\"it_IT\" \/>\n<meta property=\"og:type\" content=\"article\" \/>\n<meta property=\"og:title\" content=\"La Storia - Palazzo Tarlati\" \/>\n<meta property=\"og:description\" content=\"La Storia di Civitella in Val di Chiana Borgo di origini antichissime, Civitella in Val di Chiana esisteva gi\u00e0 come insediamento ai tempi degli Etruschi e dei Romani. La naturale ubicazione del fortilizio \u00e8 una posizione Il Borgo Medioevale predominante di altura prospiciente sulle vallate sottostanti. I Longobardi tra il VI ed il VII resero &hellip; Read more &quot;La Storia&quot;\" \/>\n<meta property=\"og:url\" content=\"https:\/\/palazzotarlati.it\/?page_id=356\" \/>\n<meta property=\"og:site_name\" content=\"Palazzo Tarlati\" \/>\n<meta property=\"article:modified_time\" content=\"2022-10-23T11:04:17+00:00\" \/>\n<meta property=\"og:image\" content=\"https:\/\/dev.palazzotarlati.it\/wp-content\/uploads\/2022\/09\/Il-Borgo-Medioevale-1024x650.jpg\" \/>\n<meta name=\"twitter:label1\" content=\"Tempo di lettura stimato\" \/>\n\t<meta name=\"twitter:data1\" content=\"4 minuti\" \/>\n<script type=\"application\/ld+json\" class=\"yoast-schema-graph\">{\"@context\":\"https:\/\/schema.org\",\"@graph\":[{\"@type\":\"WebPage\",\"@id\":\"https:\/\/palazzotarlati.it\/?page_id=356\",\"url\":\"https:\/\/palazzotarlati.it\/?page_id=356\",\"name\":\"La Storia - Palazzo Tarlati\",\"isPartOf\":{\"@id\":\"https:\/\/palazzotarlati.it\/#website\"},\"primaryImageOfPage\":{\"@id\":\"https:\/\/palazzotarlati.it\/?page_id=356#primaryimage\"},\"image\":{\"@id\":\"https:\/\/palazzotarlati.it\/?page_id=356#primaryimage\"},\"thumbnailUrl\":\"https:\/\/dev.palazzotarlati.it\/wp-content\/uploads\/2022\/09\/Il-Borgo-Medioevale-1024x650.jpg\",\"datePublished\":\"2022-08-14T23:04:03+00:00\",\"dateModified\":\"2022-10-23T11:04:17+00:00\",\"breadcrumb\":{\"@id\":\"https:\/\/palazzotarlati.it\/?page_id=356#breadcrumb\"},\"inLanguage\":\"it-IT\",\"potentialAction\":[{\"@type\":\"ReadAction\",\"target\":[\"https:\/\/palazzotarlati.it\/?page_id=356\"]}]},{\"@type\":\"ImageObject\",\"inLanguage\":\"it-IT\",\"@id\":\"https:\/\/palazzotarlati.it\/?page_id=356#primaryimage\",\"url\":\"https:\/\/dev.palazzotarlati.it\/wp-content\/uploads\/2022\/09\/Il-Borgo-Medioevale-1024x650.jpg\",\"contentUrl\":\"https:\/\/dev.palazzotarlati.it\/wp-content\/uploads\/2022\/09\/Il-Borgo-Medioevale-1024x650.jpg\"},{\"@type\":\"BreadcrumbList\",\"@id\":\"https:\/\/palazzotarlati.it\/?page_id=356#breadcrumb\",\"itemListElement\":[{\"@type\":\"ListItem\",\"position\":1,\"name\":\"Home\",\"item\":\"https:\/\/palazzotarlati.it\/\"},{\"@type\":\"ListItem\",\"position\":2,\"name\":\"Il Palazzo\",\"item\":\"https:\/\/palazzotarlati.it\/?page_id=379\"},{\"@type\":\"ListItem\",\"position\":3,\"name\":\"La Storia\"}]},{\"@type\":\"WebSite\",\"@id\":\"https:\/\/palazzotarlati.it\/#website\",\"url\":\"https:\/\/palazzotarlati.it\/\",\"name\":\"Palazzo Tarlati\",\"description\":\"Hotel de Charme - Residenza d&#039;Epoca\",\"publisher\":{\"@id\":\"https:\/\/palazzotarlati.it\/#organization\"},\"potentialAction\":[{\"@type\":\"SearchAction\",\"target\":{\"@type\":\"EntryPoint\",\"urlTemplate\":\"https:\/\/palazzotarlati.it\/?s={search_term_string}\"},\"query-input\":{\"@type\":\"PropertyValueSpecification\",\"valueRequired\":true,\"valueName\":\"search_term_string\"}}],\"inLanguage\":\"it-IT\"},{\"@type\":\"Organization\",\"@id\":\"https:\/\/palazzotarlati.it\/#organization\",\"name\":\"Palazzo Tarlati\",\"url\":\"https:\/\/palazzotarlati.it\/\",\"logo\":{\"@type\":\"ImageObject\",\"inLanguage\":\"it-IT\",\"@id\":\"https:\/\/palazzotarlati.it\/#\/schema\/logo\/image\/\",\"url\":\"https:\/\/palazzotarlati.it\/wp-content\/uploads\/2022\/09\/cropped-cropped-stemmasq.png\",\"contentUrl\":\"https:\/\/palazzotarlati.it\/wp-content\/uploads\/2022\/09\/cropped-cropped-stemmasq.png\",\"width\":150,\"height\":150,\"caption\":\"Palazzo Tarlati\"},\"image\":{\"@id\":\"https:\/\/palazzotarlati.it\/#\/schema\/logo\/image\/\"}}]}<\/script>\n<!-- \/ Yoast SEO plugin. -->","yoast_head_json":{"title":"La Storia - Palazzo Tarlati","robots":{"index":"index","follow":"follow","max-snippet":"max-snippet:-1","max-image-preview":"max-image-preview:large","max-video-preview":"max-video-preview:-1"},"canonical":"https:\/\/palazzotarlati.it\/?page_id=356","og_locale":"it_IT","og_type":"article","og_title":"La Storia - Palazzo Tarlati","og_description":"La Storia di Civitella in Val di Chiana Borgo di origini antichissime, Civitella in Val di Chiana esisteva gi\u00e0 come insediamento ai tempi degli Etruschi e dei Romani. La naturale ubicazione del fortilizio \u00e8 una posizione Il Borgo Medioevale predominante di altura prospiciente sulle vallate sottostanti. I Longobardi tra il VI ed il VII resero &hellip; Read more \"La Storia\"","og_url":"https:\/\/palazzotarlati.it\/?page_id=356","og_site_name":"Palazzo Tarlati","article_modified_time":"2022-10-23T11:04:17+00:00","og_image":[{"url":"https:\/\/dev.palazzotarlati.it\/wp-content\/uploads\/2022\/09\/Il-Borgo-Medioevale-1024x650.jpg","type":"","width":"","height":""}],"twitter_misc":{"Tempo di lettura stimato":"4 minuti"},"schema":{"@context":"https:\/\/schema.org","@graph":[{"@type":"WebPage","@id":"https:\/\/palazzotarlati.it\/?page_id=356","url":"https:\/\/palazzotarlati.it\/?page_id=356","name":"La Storia - Palazzo Tarlati","isPartOf":{"@id":"https:\/\/palazzotarlati.it\/#website"},"primaryImageOfPage":{"@id":"https:\/\/palazzotarlati.it\/?page_id=356#primaryimage"},"image":{"@id":"https:\/\/palazzotarlati.it\/?page_id=356#primaryimage"},"thumbnailUrl":"https:\/\/dev.palazzotarlati.it\/wp-content\/uploads\/2022\/09\/Il-Borgo-Medioevale-1024x650.jpg","datePublished":"2022-08-14T23:04:03+00:00","dateModified":"2022-10-23T11:04:17+00:00","breadcrumb":{"@id":"https:\/\/palazzotarlati.it\/?page_id=356#breadcrumb"},"inLanguage":"it-IT","potentialAction":[{"@type":"ReadAction","target":["https:\/\/palazzotarlati.it\/?page_id=356"]}]},{"@type":"ImageObject","inLanguage":"it-IT","@id":"https:\/\/palazzotarlati.it\/?page_id=356#primaryimage","url":"https:\/\/dev.palazzotarlati.it\/wp-content\/uploads\/2022\/09\/Il-Borgo-Medioevale-1024x650.jpg","contentUrl":"https:\/\/dev.palazzotarlati.it\/wp-content\/uploads\/2022\/09\/Il-Borgo-Medioevale-1024x650.jpg"},{"@type":"BreadcrumbList","@id":"https:\/\/palazzotarlati.it\/?page_id=356#breadcrumb","itemListElement":[{"@type":"ListItem","position":1,"name":"Home","item":"https:\/\/palazzotarlati.it\/"},{"@type":"ListItem","position":2,"name":"Il Palazzo","item":"https:\/\/palazzotarlati.it\/?page_id=379"},{"@type":"ListItem","position":3,"name":"La Storia"}]},{"@type":"WebSite","@id":"https:\/\/palazzotarlati.it\/#website","url":"https:\/\/palazzotarlati.it\/","name":"Palazzo Tarlati","description":"Hotel de Charme - Residenza d&#039;Epoca","publisher":{"@id":"https:\/\/palazzotarlati.it\/#organization"},"potentialAction":[{"@type":"SearchAction","target":{"@type":"EntryPoint","urlTemplate":"https:\/\/palazzotarlati.it\/?s={search_term_string}"},"query-input":{"@type":"PropertyValueSpecification","valueRequired":true,"valueName":"search_term_string"}}],"inLanguage":"it-IT"},{"@type":"Organization","@id":"https:\/\/palazzotarlati.it\/#organization","name":"Palazzo Tarlati","url":"https:\/\/palazzotarlati.it\/","logo":{"@type":"ImageObject","inLanguage":"it-IT","@id":"https:\/\/palazzotarlati.it\/#\/schema\/logo\/image\/","url":"https:\/\/palazzotarlati.it\/wp-content\/uploads\/2022\/09\/cropped-cropped-stemmasq.png","contentUrl":"https:\/\/palazzotarlati.it\/wp-content\/uploads\/2022\/09\/cropped-cropped-stemmasq.png","width":150,"height":150,"caption":"Palazzo Tarlati"},"image":{"@id":"https:\/\/palazzotarlati.it\/#\/schema\/logo\/image\/"}}]}},"_links":{"self":[{"href":"https:\/\/palazzotarlati.it\/index.php?rest_route=\/wp\/v2\/pages\/356","targetHints":{"allow":["GET"]}}],"collection":[{"href":"https:\/\/palazzotarlati.it\/index.php?rest_route=\/wp\/v2\/pages"}],"about":[{"href":"https:\/\/palazzotarlati.it\/index.php?rest_route=\/wp\/v2\/types\/page"}],"author":[{"embeddable":true,"href":"https:\/\/palazzotarlati.it\/index.php?rest_route=\/wp\/v2\/users\/4"}],"replies":[{"embeddable":true,"href":"https:\/\/palazzotarlati.it\/index.php?rest_route=%2Fwp%2Fv2%2Fcomments&post=356"}],"version-history":[{"count":8,"href":"https:\/\/palazzotarlati.it\/index.php?rest_route=\/wp\/v2\/pages\/356\/revisions"}],"predecessor-version":[{"id":620,"href":"https:\/\/palazzotarlati.it\/index.php?rest_route=\/wp\/v2\/pages\/356\/revisions\/620"}],"up":[{"embeddable":true,"href":"https:\/\/palazzotarlati.it\/index.php?rest_route=\/wp\/v2\/pages\/379"}],"wp:attachment":[{"href":"https:\/\/palazzotarlati.it\/index.php?rest_route=%2Fwp%2Fv2%2Fmedia&parent=356"}],"curies":[{"name":"wp","href":"https:\/\/api.w.org\/{rel}","templated":true}]}}